{"id":160,"date":"2016-11-19T17:55:18","date_gmt":"2016-11-19T17:55:18","guid":{"rendered":"http:\/\/dennibar.cz\/?page_id=160"},"modified":"2026-03-10T11:16:08","modified_gmt":"2026-03-10T11:16:08","slug":"o-nas","status":"publish","type":"page","link":"https:\/\/dennibar.cz\/","title":{"rendered":"O baru"},"content":{"rendered":"\n<p><strong>Najde\u0161 n\u00e1s p\u00e1r krok\u016f od  Strossmayer\u00e1ku<\/strong> &#8230;hned vedle vchodu do divadla Radar.<\/p>\n\n\n\n<p>Posadit se m\u016f\u017ee\u0161 uvnit\u0159 a pohov\u011bt si nebo d\u00e1t rychl\u00fd drink na v\u00fdloze cestou kolem. Kdy\u017e se nevejde\u0161 u baru, m\u00e1me sal\u00f3nek a v l\u00e9t\u011b zahr\u00e1dku ve dvorku.<\/p>\n\n\n\n<p>V nab\u00eddce jsou t\u0159i druhy to\u010den\u00e9ho piva, rozl\u00e9van\u00e9 v\u00edno, m\u00edchan\u00e9 drinky, k\u00e1va i mal\u00e9 dobroty k j\u00eddlu.<\/p>\n\n\n\n<p><strong>Rezervuj m\u00edsto pro svoj\u00ed akci<\/strong> &#8230;k dispozici m\u016f\u017ee\u0161 m\u00edt v\u0161echny t\u0159i prostory: bar, sal\u00f3nek i zahr\u00e1dku. Uspo\u0159\u00e1dat m\u016f\u017ee\u0161 cokoliv, mal\u00e9 setk\u00e1n\u00ed, velkou narozeninovou oslavu nebo t\u0159eba firemn\u00ed ve\u010d\u00edrek.<\/p>\n\n\n\n<p>Tv\u00e9 fantazii se meze nekladou, tak se ozvi se sv\u00fdm n\u00e1padem. P\u0159iprav\u00edme pro tebe j\u00eddlo i atmosf\u00e9ru pro ka\u017edou p\u0159\u00edle\u017eitost. <\/p>\n","protected":false},"excerpt":{"rendered":"<p class=\"entry-summary\">Najde\u0161 n\u00e1s p\u00e1r krok\u016f od Strossmayer\u00e1ku &#8230;hned vedle vchodu do divadla Radar.&hellip;<\/p>\n<div class=\"link-more\"><a href=\"https:\/\/dennibar.cz\/\">Continue reading<span class=\"screen-reader-text\"> \"O baru\"<\/span>&hellip;<\/a><\/div>","protected":false},"author":2,"featured_media":0,"parent":0,"menu_order":0,"comment_status":"closed","ping_status":"closed","template":"","meta":{"footnotes":""},"class_list":["post-160","page","type-page","status-publish","hentry","entry"],"_links":{"self":[{"href":"https:\/\/dennibar.cz\/index.php?rest_route=\/wp\/v2\/pages\/160","targetHints":{"allow":["GET"]}}],"collection":[{"href":"https:\/\/dennibar.cz\/index.php?rest_route=\/wp\/v2\/pages"}],"about":[{"href":"https:\/\/dennibar.cz\/index.php?rest_route=\/wp\/v2\/types\/page"}],"author":[{"embeddable":true,"href":"https:\/\/dennibar.cz\/index.php?rest_route=\/wp\/v2\/users\/2"}],"replies":[{"embeddable":true,"href":"https:\/\/dennibar.cz\/index.php?rest_route=%2Fwp%2Fv2%2Fcomments&post=160"}],"version-history":[{"count":18,"href":"https:\/\/dennibar.cz\/index.php?rest_route=\/wp\/v2\/pages\/160\/revisions"}],"predecessor-version":[{"id":254,"href":"https:\/\/dennibar.cz\/index.php?rest_route=\/wp\/v2\/pages\/160\/revisions\/254"}],"wp:attachment":[{"href":"https:\/\/dennibar.cz\/index.php?rest_route=%2Fwp%2Fv2%2Fmedia&parent=160"}],"curies":[{"name":"wp","href":"https:\/\/api.w.org\/{rel}","templated":true}]}}